
{"id":987508851,"date":"2025-10-06T08:12:11","date_gmt":"2025-10-06T06:12:11","guid":{"rendered":"https:\/\/ddeasidoniajerez.es\/congreso\/?page_id=987508851"},"modified":"2025-10-07T18:56:07","modified_gmt":"2025-10-07T16:56:07","slug":"ponentes","status":"publish","type":"page","link":"https:\/\/ddeasidoniajerez.es\/congreso\/ponentes\/","title":{"rendered":"Ponentes"},"content":{"rendered":"<p>[et_pb_section fb_built=\u00bb1&#8243; _builder_version=\u00bb4.27.4&#8243; _module_preset=\u00bbdefault\u00bb da_disable_devices=\u00bboff|off|off\u00bb global_colors_info=\u00bb{}\u00bb da_is_popup=\u00bboff\u00bb da_exit_intent=\u00bboff\u00bb da_has_close=\u00bbon\u00bb da_alt_close=\u00bboff\u00bb da_dark_close=\u00bboff\u00bb da_not_modal=\u00bbon\u00bb da_is_singular=\u00bboff\u00bb da_with_loader=\u00bboff\u00bb da_has_shadow=\u00bbon\u00bb][et_pb_row _builder_version=\u00bb4.27.4&#8243; _module_preset=\u00bbdefault\u00bb global_colors_info=\u00bb{}\u00bb][et_pb_column type=\u00bb4_4&#8243; _builder_version=\u00bb4.27.4&#8243; _module_preset=\u00bbdefault\u00bb global_colors_info=\u00bb{}\u00bb][\/et_pb_column][\/et_pb_row][et_pb_row _builder_version=\u00bb4.27.4&#8243; _module_preset=\u00bbdefault\u00bb custom_margin=\u00bb50px||||false|false\u00bb custom_padding=\u00bb100px||||false|false\u00bb global_colors_info=\u00bb{}\u00bb][et_pb_column type=\u00bb4_4&#8243; _builder_version=\u00bb4.27.4&#8243; _module_preset=\u00bbdefault\u00bb global_colors_info=\u00bb{}\u00bb][et_pb_heading title=\u00bbPonentes\u00bb _builder_version=\u00bb4.27.4&#8243; _module_preset=\u00bbdefault\u00bb title_font=\u00bb|||on|||||\u00bb title_text_align=\u00bbcenter\u00bb global_colors_info=\u00bb{}\u00bb][\/et_pb_heading][et_pb_text _builder_version=\u00bb4.27.4&#8243; _module_preset=\u00bbdefault\u00bb global_colors_info=\u00bb{}\u00bb]<\/p>\n<p class=\"western\" lang=\"en-US\"><span><span lang=\"es-ES-u-co-trad\"><b>Educaci\u00f3n no reglada:<\/b><\/span><\/span><\/p>\n<p class=\"western\" lang=\"en-US\"><span><span lang=\"es-ES-u-co-trad\">Fano. (Patxi Velasco Fano) Profesor de religi\u00f3n y dibujante catequ\u00e9tico. Y Unai (Unai Quir\u00f3s Pardo) Maestro, psicopedagogo y cantautor cristiano.<\/span><\/span><\/p>\n<p class=\"western\" lang=\"en-US\"><span><span lang=\"es-ES-u-co-trad\"><b>Educadores cristianos:<\/b><\/span><\/span><\/p>\n<p class=\"western\" lang=\"en-US\"><span><span lang=\"es-ES-u-co-trad\">Daniel G\u00f3mez Jim\u00e9nez (Psic\u00f3logo, profesor Colegio Montaine \u2013 Jerez).<\/span><\/span><\/p>\n<p class=\"western\" lang=\"en-US\"><span><span lang=\"es-ES-u-co-trad\"><b>Profesores de religi\u00f3n:<\/b><\/span><\/span><\/p>\n<p class=\"western\" lang=\"en-US\"><span><span lang=\"es-ES-u-co-trad\">Elena Mar\u00eda Carmona N\u00fa\u00f1ez (Maestra de educaci\u00f3n infantil y escritora).<\/span><\/span><\/p>\n<p class=\"western\" lang=\"en-US\"><span><span lang=\"es-ES-u-co-trad\"><b>Formaci\u00f3n Profesional:<\/b><\/span><\/span><\/p>\n<p class=\"western\" lang=\"en-US\"><span><span lang=\"es-ES-u-co-trad\">Francisco Rend\u00f3n Delgado (Profesor Formaci\u00f3n Profesional en Salesianos Campano).<\/span><\/span><\/p>\n<p class=\"western\" lang=\"en-US\"><span><span lang=\"es-ES-u-co-trad\"><b>Escuelas de idearios cristianos:<\/b><\/span><\/span><\/p>\n<p class=\"western\" lang=\"en-US\"><span><span lang=\"es-ES-u-co-trad\">Jos\u00e9 V\u00edctor Or\u00f3n. (Investigador del grupo Mente-Cerebro del Instituto Cultura y Sociedad).<\/span><\/span><\/p>\n<p class=\"western\" lang=\"en-US\"><span><span lang=\"es-ES-u-co-trad\"><b>Ponencia General:<\/b><\/span><\/span><\/p>\n<p class=\"western\" lang=\"en-US\"><span><span lang=\"es-ES-u-co-trad\">Antonio Roura Javier \u2013 Director del Secretariado de la Comisi\u00f3n Episcopal para la Educaci\u00f3n y Cultura de la Conferencia Episcopal Espa\u00f1ola.<\/span><\/span><\/p>\n<p>[\/et_pb_text][\/et_pb_column][\/et_pb_row][et_pb_row _builder_version=\u00bb4.27.4&#8243; _module_preset=\u00bbdefault\u00bb global_colors_info=\u00bb{}\u00bb][et_pb_column type=\u00bb4_4&#8243; _builder_version=\u00bb4.27.4&#8243; _module_preset=\u00bbdefault\u00bb global_colors_info=\u00bb{}\u00bb][et_pb_divider _builder_version=\u00bb4.27.4&#8243; _module_preset=\u00bbdefault\u00bb global_colors_info=\u00bb{}\u00bb][\/et_pb_divider][\/et_pb_column][\/et_pb_row][et_pb_row column_structure=\u00bb2_3,1_3&#8243; _builder_version=\u00bb4.27.4&#8243; _module_preset=\u00bbdefault\u00bb global_colors_info=\u00bb{}\u00bb][et_pb_column type=\u00bb2_3&#8243; _builder_version=\u00bb4.27.4&#8243; _module_preset=\u00bbdefault\u00bb global_colors_info=\u00bb{}\u00bb][et_pb_text _builder_version=\u00bb4.27.4&#8243; _module_preset=\u00bbdefault\u00bb global_colors_info=\u00bb{}\u00bb]<\/p>\n<h2>En este enlace puede descargar los Curriculums Vitae de los distintos ponentes de este Congreso.<\/h2>\n<p>[\/et_pb_text][\/et_pb_column][et_pb_column type=\u00bb1_3&#8243; _builder_version=\u00bb4.27.4&#8243; _module_preset=\u00bbdefault\u00bb global_colors_info=\u00bb{}\u00bb][et_pb_image src=\u00bbhttps:\/\/ddeasidoniajerez.es\/congreso\/wp-content\/uploads\/2025\/10\/CV.png\u00bb title_text=\u00bbCV\u00bb url=\u00bbhttps:\/\/ddeasidoniajerez.es\/congreso\/wp-content\/uploads\/2025\/10\/Curriculum-de-ponentes-red.pdf\u00bb url_new_window=\u00bbon\u00bb _builder_version=\u00bb4.27.4&#8243; _module_preset=\u00bbdefault\u00bb hover_enabled=\u00bb0&#8243; global_colors_info=\u00bb{}\u00bb sticky_enabled=\u00bb0&#8243;][\/et_pb_image][\/et_pb_column][\/et_pb_row][\/et_pb_section]<\/p>\n","protected":false},"excerpt":{"rendered":"<p>Educaci\u00f3n no reglada: Fano. (Patxi Velasco Fano) Profesor de religi\u00f3n y dibujante catequ\u00e9tico. Y Unai (Unai Quir\u00f3s Pardo) Maestro, psicopedagogo y cantautor cristiano. Educadores cristianos: Daniel G\u00f3mez Jim\u00e9nez (Psic\u00f3logo, profesor Colegio Montaine \u2013 Jerez). Profesores de religi\u00f3n: Elena Mar\u00eda Carmona N\u00fa\u00f1ez (Maestra de educaci\u00f3n infantil y escritora). Formaci\u00f3n Profesional: Francisco Rend\u00f3n Delgado (Profesor Formaci\u00f3n Profesional [&hellip;]<\/p>\n","protected":false},"author":7,"featured_media":0,"parent":0,"menu_order":0,"comment_status":"closed","ping_status":"closed","template":"","meta":{"_et_pb_use_builder":"on","_et_pb_old_content":"<p class=\"western\" lang=\"en-US\"><span style=\"font-family: AppleSystemUIFont, serif;\"><span style=\"font-size: medium;\"><span lang=\"es-ES-u-co-trad\"><b>Educaci\u00f3n no reglada:<\/b><\/span><\/span><\/span><\/p>\r\n<p class=\"western\" lang=\"en-US\"><span style=\"font-family: AppleSystemUIFont, serif;\"><span style=\"font-size: medium;\"><span lang=\"es-ES-u-co-trad\">Fano. (Patxi Velasco Fano) Profesor de religi\u00f3n y dibujante catequ\u00e9tico. Y Unai (Unai Quir\u00f3s Pardo) Maestro, psicopedagogo y cantautor cristiano.<\/span><\/span><\/span><\/p>\r\n<p class=\"western\" lang=\"en-US\"><span style=\"font-family: AppleSystemUIFont, serif;\"><span style=\"font-size: medium;\"><span lang=\"es-ES-u-co-trad\"><b>Educadores cristianos:<\/b><\/span><\/span><\/span><\/p>\r\n<p class=\"western\" lang=\"en-US\"><span style=\"font-family: AppleSystemUIFont, serif;\"><span style=\"font-size: medium;\"><span lang=\"es-ES-u-co-trad\">Daniel G\u00f3mez Jim\u00e9nez (Psic\u00f3logo, profesor Colegio Montaine \u2013 Jerez).<\/span><\/span><\/span><\/p>\r\n<p class=\"western\" lang=\"en-US\"><span style=\"font-family: AppleSystemUIFont, serif;\"><span style=\"font-size: medium;\"><span lang=\"es-ES-u-co-trad\"><b>Profesores de religi\u00f3n:<\/b><\/span><\/span><\/span><\/p>\r\n<p class=\"western\" lang=\"en-US\"><span style=\"font-family: AppleSystemUIFont, serif;\"><span style=\"font-size: medium;\"><span lang=\"es-ES-u-co-trad\">Elena Mar\u00eda Carmona N\u00fa\u00f1ez (Maestra de educaci\u00f3n infantil y escritora).<\/span><\/span><\/span><\/p>\r\n<p class=\"western\" lang=\"en-US\"><span style=\"font-family: AppleSystemUIFont, serif;\"><span style=\"font-size: medium;\"><span lang=\"es-ES-u-co-trad\"><b>Formaci\u00f3n Profesional:<\/b><\/span><\/span><\/span><\/p>\r\n<p class=\"western\" lang=\"en-US\"><span style=\"font-family: AppleSystemUIFont, serif;\"><span style=\"font-size: medium;\"><span lang=\"es-ES-u-co-trad\">Francisco Rend\u00f3n Delgado (Profesor Formaci\u00f3n Profesional en Salesianos Campano).<\/span><\/span><\/span><\/p>\r\n<p class=\"western\" lang=\"en-US\"><span style=\"font-family: AppleSystemUIFont, serif;\"><span style=\"font-size: medium;\"><span lang=\"es-ES-u-co-trad\"><b>Escuelas de idearios cristianos:<\/b><\/span><\/span><\/span><\/p>\r\n<p class=\"western\" lang=\"en-US\"><span style=\"font-family: AppleSystemUIFont, serif;\"><span style=\"font-size: medium;\"><span lang=\"es-ES-u-co-trad\">Jos\u00e9 V\u00edctor Or\u00f3n. (Investigador del grupo Mente-Cerebro del Instituto Cultura y Sociedad).<\/span><\/span><\/span><\/p>\r\n<p class=\"western\" lang=\"en-US\"><span style=\"font-family: AppleSystemUIFont, serif;\"><span style=\"font-size: medium;\"><span lang=\"es-ES-u-co-trad\"><b>Ponencia General:<\/b><\/span><\/span><\/span><\/p>\r\n<p class=\"western\" lang=\"en-US\"><span style=\"font-family: AppleSystemUIFont, serif;\"><span style=\"font-size: medium;\"><span lang=\"es-ES-u-co-trad\">Antonio Roura Javier - Director del Secretariado de la Comisi\u00f3n Episcopal para la Educaci\u00f3n y Cultura de la Conferencia Episcopal Espa\u00f1ola.<\/span><\/span><\/span><\/p>","_et_gb_content_width":"","footnotes":""},"class_list":["post-987508851","page","type-page","status-publish","hentry"],"_links":{"self":[{"href":"https:\/\/ddeasidoniajerez.es\/congreso\/wp-json\/wp\/v2\/pages\/987508851","targetHints":{"allow":["GET"]}}],"collection":[{"href":"https:\/\/ddeasidoniajerez.es\/congreso\/wp-json\/wp\/v2\/pages"}],"about":[{"href":"https:\/\/ddeasidoniajerez.es\/congreso\/wp-json\/wp\/v2\/types\/page"}],"author":[{"embeddable":true,"href":"https:\/\/ddeasidoniajerez.es\/congreso\/wp-json\/wp\/v2\/users\/7"}],"replies":[{"embeddable":true,"href":"https:\/\/ddeasidoniajerez.es\/congreso\/wp-json\/wp\/v2\/comments?post=987508851"}],"version-history":[{"count":9,"href":"https:\/\/ddeasidoniajerez.es\/congreso\/wp-json\/wp\/v2\/pages\/987508851\/revisions"}],"predecessor-version":[{"id":987508892,"href":"https:\/\/ddeasidoniajerez.es\/congreso\/wp-json\/wp\/v2\/pages\/987508851\/revisions\/987508892"}],"wp:attachment":[{"href":"https:\/\/ddeasidoniajerez.es\/congreso\/wp-json\/wp\/v2\/media?parent=987508851"}],"curies":[{"name":"wp","href":"https:\/\/api.w.org\/{rel}","templated":true}]}}